{"id":11,"date":"2019-09-11T14:00:31","date_gmt":"2019-09-11T14:00:31","guid":{"rendered":"http:\/\/buw-elektrotechnik.de\/?page_id=11"},"modified":"2019-09-11T14:03:13","modified_gmt":"2019-09-11T14:03:13","slug":"impressum","status":"publish","type":"page","link":"https:\/\/buw-elektrotechnik.de\/?page_id=11","title":{"rendered":"Impressum"},"content":{"rendered":"\n<table class=\"wp-block-table\"><tbody><tr><td>ImpressumAngaben gem\u00e4\u00df \u00a7 5 TMG<br><br>Ralf Beeke und Dirk Wettig Elektrotechnik GbR<br>Schildarpstr. 12<br>48712 Gescher<br><br>Vertreten durch Ralf Beeke und Dirk Wettig<br>Pers\u00f6nlich haftende Gesellschafter<br><br>Kontakt:<br>KontaktTelefon: 02542-954993<br>E-Mail:\u00a0<a href=\"mailto:mail@buw-elektrotechnik.de\">mail@buw-elektrotechnik.de<\/a><br>Internetadresse:\u00a0<a rel=\"noreferrer noopener\" href=\"http:\/\/www.buw-elektrotechnik.de\/\" target=\"_blank\">www.buw-elektrotechnik.de<\/a><br><br>Umsatzsteuer-Identifikationsnummer gem\u00e4\u00df \u00a727 a Umsatzsteuergesetz<br>DE277979876<br><br>Haftungsausschluss<br><br>Haftung f\u00fcr Inhalte<br>Die  Inhalte unserer Seiten wurden mit gr\u00f6\u00dfter Sorgfalt erstellt. F\u00fcr die  Richtigkeit, Vollst\u00e4ndigkeit und Aktualit\u00e4t der Inhalte k\u00f6nnen wir  jedoch keine Gew\u00e4hr \u00fcbernehmen. Als Diensteanbieter sind wir gem\u00e4\u00df \u00a7 7  Abs.1 TMG f\u00fcr eigene Inhalte auf diesen Seiten nach den allgemeinen  Gesetzen verantwortlich. Nach \u00a7\u00a7 8 bis 10 TMG sind wir als  Diensteanbieter jedoch nicht verpflichtet, \u00fcbermittelte oder  gespeicherte fremde Informationen zu \u00fcberwachen oder nach Umst\u00e4nden zu  forschen, die auf eine rechtswidrige T\u00e4tigkeit hinweisen.  Verpflichtungen zur Entfernung oder Sperrung der Nutzung von  Informationen nach den allgemeinen Gesetzen bleiben hiervon unber\u00fchrt.  Eine diesbez\u00fcgliche Haftung ist jedoch erst ab dem Zeitpunkt der  Kenntnis einer konkreten Rechtsverletzung m\u00f6glich. Bei Bekanntwerden von  entsprechenden Rechtsverletzungen werden wir diese Inhalte umgehend  entfernen.<br><br>Haftung f\u00fcr Links<br>Unser  Angebot enth\u00e4lt Links zu externen Webseiten Dritter, auf deren Inhalte  wir keinen Einfluss haben. Deshalb k\u00f6nnen wir f\u00fcr diese fremden Inhalte  auch keine Gew\u00e4hr \u00fcbernehmen. F\u00fcr die Inhalte der verlinkten Seiten ist  stets der jeweilige Anbieter oder Betreiber der Seiten verantwortlich.  Die verlinkten Seiten wurden zum Zeitpunkt der Verlinkung auf m\u00f6gliche  Rechtsverst\u00f6\u00dfe \u00fcberpr\u00fcft. Rechtswidrige Inhalte waren zum Zeitpunkt der  Verlinkung nicht erkennbar. Eine permanente inhaltliche Kontrolle der  verlinkten Seiten ist jedoch ohne konkrete Anhaltspunkte einer  Rechtsverletzung nicht zumutbar. Bei Bekanntwerden von  Rechtsverletzungen werden wir derartige Links umgehend entfernen.<br><br>Urheberrecht<br>Die  durch die Seitenbetreiber erstellten bzw. verwendeten Inhalte und Werke  auf diesen Seiten unterliegen dem deutschen Urheberrecht. Die  Vervielf\u00e4ltigung, Bearbeitung, Verbreitung und jede Art der Verwertung  au\u00dferhalb der Grenzen des Urheberrechtes bed\u00fcrfen der Zustimmung des  jeweiligen Autors bzw. Erstellers. Downloads und Kopien dieser Seite  sind nur f\u00fcr den privaten, nicht kommerziellen Gebrauch gestattet.  Soweit die Inhalte auf dieser Seite nicht vom Betreiber erstellt wurden,  werden die Urheberrechte Dritter beachtet. Insbesondere werden Inhalte  Dritter als solche gekennzeichnet. Sollten Sie trotzdem auf eine  Urheberrechtsverletzung aufmerksam werden, bitten wir um einen  entsprechenden Hinweis. Bei Bekanntwerden von Rechtsverletzungen werden  wir derartige Inhalte umgehend entfernen. <\/td><td><\/td><\/tr><tr><td><\/td><\/tr><\/tbody><\/table>\n","protected":false},"excerpt":{"rendered":"<p>ImpressumAngaben gem\u00e4\u00df \u00a7 5 TMG Ralf Beeke und Dirk Wettig Elektrotechnik GbRSchildarpstr. 1248712 Gescher Vertreten durch Ralf Beeke und Dirk WettigPers\u00f6nlich haftende Gesellschafter Kontakt:KontaktTelefon: 02542-954993E-Mail:\u00a0mail@buw-elektrotechnik.deInternetadresse:\u00a0www.buw-elektrotechnik.de Umsatzsteuer-Identifikationsnummer gem\u00e4\u00df \u00a727 a UmsatzsteuergesetzDE277979876 Haftungsausschluss Haftung f\u00fcr InhalteDie Inhalte unserer Seiten wurden mit gr\u00f6\u00dfter Sorgfalt erstellt. F\u00fcr die Richtigkeit, Vollst\u00e4ndigkeit und Aktualit\u00e4t der Inhalte k\u00f6nnen wir jedoch keine Gew\u00e4hr &hellip; <\/p>\n<p class=\"link-more\"><a href=\"https:\/\/buw-elektrotechnik.de\/?page_id=11\" class=\"more-link\"><span class=\"screen-reader-text\">\u201eImpressum\u201c<\/span> weiterlesen<\/a><\/p>\n","protected":false},"author":1,"featured_media":0,"parent":0,"menu_order":0,"comment_status":"closed","ping_status":"closed","template":"","meta":[],"_links":{"self":[{"href":"https:\/\/buw-elektrotechnik.de\/index.php?rest_route=\/wp\/v2\/pages\/11"}],"collection":[{"href":"https:\/\/buw-elektrotechnik.de\/index.php?rest_route=\/wp\/v2\/pages"}],"about":[{"href":"https:\/\/buw-elektrotechnik.de\/index.php?rest_route=\/wp\/v2\/types\/page"}],"author":[{"embeddable":true,"href":"https:\/\/buw-elektrotechnik.de\/index.php?rest_route=\/wp\/v2\/users\/1"}],"replies":[{"embeddable":true,"href":"https:\/\/buw-elektrotechnik.de\/index.php?rest_route=%2Fwp%2Fv2%2Fcomments&post=11"}],"version-history":[{"count":3,"href":"https:\/\/buw-elektrotechnik.de\/index.php?rest_route=\/wp\/v2\/pages\/11\/revisions"}],"predecessor-version":[{"id":15,"href":"https:\/\/buw-elektrotechnik.de\/index.php?rest_route=\/wp\/v2\/pages\/11\/revisions\/15"}],"wp:attachment":[{"href":"https:\/\/buw-elektrotechnik.de\/index.php?rest_route=%2Fwp%2Fv2%2Fmedia&parent=11"}],"curies":[{"name":"wp","href":"https:\/\/api.w.org\/{rel}","templated":true}]}}