{"id":2,"date":"2016-05-10T03:48:21","date_gmt":"2016-05-10T03:48:21","guid":{"rendered":"http:\/\/buw-elektrotechnik.de\/?page_id=2"},"modified":"2019-09-11T14:04:59","modified_gmt":"2019-09-11T14:04:59","slug":"sample-page","status":"publish","type":"page","link":"https:\/\/buw-elektrotechnik.de\/","title":{"rendered":"Ihr starker Partner"},"content":{"rendered":"<p>Sie suchen einen zuverl\u00e4ssigen Partner f\u00fcr Elektroarbeiten?<\/p>\n<p>Dann sind Sie bei uns genau Richtig!<\/p>\n<p>Wir bieten Ihnen langj\u00e4hrige Erfahrung im Bereich Objekt- und Gewerbebau.<\/p>\n<p>Gerne unterst\u00fctzen wir Sie bei Ihrem pers\u00f6nlichen Projekt.<\/p>\n<p>Sprechen Sie uns an!<\/p>\n","protected":false},"excerpt":{"rendered":"<p>Sie suchen einen zuverl\u00e4ssigen Partner f\u00fcr Elektroarbeiten? Dann sind Sie bei uns genau Richtig! Wir bieten Ihnen langj\u00e4hrige Erfahrung im Bereich Objekt- und Gewerbebau. Gerne unterst\u00fctzen wir Sie bei Ihrem pers\u00f6nlichen Projekt. Sprechen Sie uns an!<\/p>\n","protected":false},"author":1,"featured_media":0,"parent":0,"menu_order":0,"comment_status":"closed","ping_status":"open","template":"","meta":[],"_links":{"self":[{"href":"https:\/\/buw-elektrotechnik.de\/index.php?rest_route=\/wp\/v2\/pages\/2"}],"collection":[{"href":"https:\/\/buw-elektrotechnik.de\/index.php?rest_route=\/wp\/v2\/pages"}],"about":[{"href":"https:\/\/buw-elektrotechnik.de\/index.php?rest_route=\/wp\/v2\/types\/page"}],"author":[{"embeddable":true,"href":"https:\/\/buw-elektrotechnik.de\/index.php?rest_route=\/wp\/v2\/users\/1"}],"replies":[{"embeddable":true,"href":"https:\/\/buw-elektrotechnik.de\/index.php?rest_route=%2Fwp%2Fv2%2Fcomments&post=2"}],"version-history":[{"count":2,"href":"https:\/\/buw-elektrotechnik.de\/index.php?rest_route=\/wp\/v2\/pages\/2\/revisions"}],"predecessor-version":[{"id":17,"href":"https:\/\/buw-elektrotechnik.de\/index.php?rest_route=\/wp\/v2\/pages\/2\/revisions\/17"}],"wp:attachment":[{"href":"https:\/\/buw-elektrotechnik.de\/index.php?rest_route=%2Fwp%2Fv2%2Fmedia&parent=2"}],"curies":[{"name":"wp","href":"https:\/\/api.w.org\/{rel}","templated":true}]}}